{"id":145,"date":"2022-05-25T10:53:52","date_gmt":"2022-05-25T08:53:52","guid":{"rendered":"https:\/\/hotelgwarna.pl\/?page_id=145"},"modified":"2026-03-05T17:10:57","modified_gmt":"2026-03-05T16:10:57","slug":"skygames-shisha-bar","status":"publish","type":"page","link":"https:\/\/hotelgwarna.pl\/en\/skygames-shisha-bar\/","title":{"rendered":"SkyGames &amp; Shisha Bar"},"content":{"rendered":"<p>SkyGames - the hotel's entertainment area that consists of three bowling lanes, billiards, air hockey, table football and a basketball machine.<\/p>\n\n\n\n<p>Shisha bar - offers a professional hookah in many flavors and a bar with a wide range of alcohols. It is a great place to spend free time among Your friends. Here, we are also able to organize birthday parties and integrational meetings.<\/p>","protected":false},"excerpt":{"rendered":"<p>SkyGames - strefa rozrywkowa Hotelu, z trzema torami do kr\u0119gli, bilardem, cymbergajem, pi\u0142karzykami i automatem do gry w koszyk\u00f3wk\u0119. Shisha bar \u2013 profesjonalna szisza w wielu wariantach smakowych oraz bar z szerok\u0105 gam\u0105 alkoholi. Doskona\u0142e miejsce do sp\u0119dzania wolnego czasu w\u015br\u00f3d przyjaci\u00f3\u0142. Na miejscu mo\u017cemy zorganizowa\u0107 r\u00f3wnie\u017c imprezy urodzinowe i integracje.<\/p>","protected":false},"author":3,"featured_media":0,"parent":0,"menu_order":0,"comment_status":"closed","ping_status":"closed","template":"","meta":{"_acf_changed":false,"footnotes":""},"class_list":["post-145","page","type-page","status-publish","hentry"],"acf":[],"yoast_head":"<!-- This site is optimized with the Yoast SEO plugin v24.7 - https:\/\/yoast.com\/wordpress\/plugins\/seo\/ -->\n<title>SkyGames &amp; Shisha Bar - SkyHotelGwarna<\/title>\n<meta name=\"description\" content=\"Hotel Gwarna to elegancki obiekt wypoczynkowy, zlokalizowany w centrum miasta, jedyne 100 krok\u00f3w od katedry! Oferujemy Go\u015bciom komfortowe pokoje wyposa\u017cone w przytulne \u0142azienki. Z okien wielu pomieszcze\u0144 naszego Hotelu roztacza si\u0119 wspania\u0142y widok na dachy legnickich budynk\u00f3w. Go\u015bcie, poszukuj\u0105cy ciszy i spokoju mog\u0105 rozkoszowa\u0107 si\u0119 podziwianiem panoramy niedalekich Karkonoszy z najwy\u017cszym szczytem \u2013 \u015anie\u017ck\u0105, a tak\u017ce blisko\u015bci\u0105 wspania\u0142ych zabytk\u00f3w.\" \/>\n<meta name=\"robots\" content=\"index, follow, max-snippet:-1, max-image-preview:large, max-video-preview:-1\" \/>\n<link rel=\"canonical\" href=\"https:\/\/hotelgwarna.pl\/en\/skygames-shisha-bar\/\" \/>\n<meta property=\"og:locale\" content=\"en_US\" \/>\n<meta property=\"og:type\" content=\"article\" \/>\n<meta property=\"og:title\" content=\"SkyGames &amp; Shisha Bar - SkyHotelGwarna\" \/>\n<meta property=\"og:description\" content=\"Hotel Gwarna to elegancki obiekt wypoczynkowy, zlokalizowany w centrum miasta, jedyne 100 krok\u00f3w od katedry! Oferujemy Go\u015bciom komfortowe pokoje wyposa\u017cone w przytulne \u0142azienki. Z okien wielu pomieszcze\u0144 naszego Hotelu roztacza si\u0119 wspania\u0142y widok na dachy legnickich budynk\u00f3w. Go\u015bcie, poszukuj\u0105cy ciszy i spokoju mog\u0105 rozkoszowa\u0107 si\u0119 podziwianiem panoramy niedalekich Karkonoszy z najwy\u017cszym szczytem \u2013 \u015anie\u017ck\u0105, a tak\u017ce blisko\u015bci\u0105 wspania\u0142ych zabytk\u00f3w.\" \/>\n<meta property=\"og:url\" content=\"https:\/\/hotelgwarna.pl\/en\/skygames-shisha-bar\/\" \/>\n<meta property=\"og:site_name\" content=\"SkyHotelGwarna\" \/>\n<meta property=\"article:modified_time\" content=\"2026-03-05T16:10:57+00:00\" \/>\n<meta property=\"og:image\" content=\"https:\/\/hotelgwarna.pl\/wp-content\/uploads\/2022\/05\/105-Ansicht-Nacht-Sredni.jpg\" \/>\n\t<meta property=\"og:image:width\" content=\"1154\" \/>\n\t<meta property=\"og:image:height\" content=\"768\" \/>\n\t<meta property=\"og:image:type\" content=\"image\/jpeg\" \/>\n<meta name=\"twitter:card\" content=\"summary_large_image\" \/>\n<meta name=\"twitter:label1\" content=\"Est. reading time\" \/>\n\t<meta name=\"twitter:data1\" content=\"1 minute\" \/>\n<script type=\"application\/ld+json\" class=\"yoast-schema-graph\">{\"@context\":\"https:\/\/schema.org\",\"@graph\":[{\"@type\":\"WebPage\",\"@id\":\"https:\/\/hotelgwarna.pl\/skygames-shisha-bar\/\",\"url\":\"https:\/\/hotelgwarna.pl\/skygames-shisha-bar\/\",\"name\":\"SkyGames & Shisha Bar - SkyHotelGwarna\",\"isPartOf\":{\"@id\":\"https:\/\/hotelgwarna.pl\/#website\"},\"datePublished\":\"2022-05-25T08:53:52+00:00\",\"dateModified\":\"2026-03-05T16:10:57+00:00\",\"description\":\"Hotel Gwarna to elegancki obiekt wypoczynkowy, zlokalizowany w centrum miasta, jedyne 100 krok\u00f3w od katedry! Oferujemy Go\u015bciom komfortowe pokoje wyposa\u017cone w przytulne \u0142azienki. Z okien wielu pomieszcze\u0144 naszego Hotelu roztacza si\u0119 wspania\u0142y widok na dachy legnickich budynk\u00f3w. Go\u015bcie, poszukuj\u0105cy ciszy i spokoju mog\u0105 rozkoszowa\u0107 si\u0119 podziwianiem panoramy niedalekich Karkonoszy z najwy\u017cszym szczytem \u2013 \u015anie\u017ck\u0105, a tak\u017ce blisko\u015bci\u0105 wspania\u0142ych zabytk\u00f3w.\",\"breadcrumb\":{\"@id\":\"https:\/\/hotelgwarna.pl\/skygames-shisha-bar\/#breadcrumb\"},\"inLanguage\":\"en-US\",\"potentialAction\":[{\"@type\":\"ReadAction\",\"target\":[\"https:\/\/hotelgwarna.pl\/skygames-shisha-bar\/\"]}]},{\"@type\":\"BreadcrumbList\",\"@id\":\"https:\/\/hotelgwarna.pl\/skygames-shisha-bar\/#breadcrumb\",\"itemListElement\":[{\"@type\":\"ListItem\",\"position\":1,\"name\":\"Strona g\u0142\u00f3wna\",\"item\":\"https:\/\/hotelgwarna.pl\/\"},{\"@type\":\"ListItem\",\"position\":2,\"name\":\"SkyGames &#038; Shisha Bar\"}]},{\"@type\":\"WebSite\",\"@id\":\"https:\/\/hotelgwarna.pl\/#website\",\"url\":\"https:\/\/hotelgwarna.pl\/\",\"name\":\"SkyHotelGwarna\",\"description\":\"Apartamenty, pokoje w Legnicy\",\"potentialAction\":[{\"@type\":\"SearchAction\",\"target\":{\"@type\":\"EntryPoint\",\"urlTemplate\":\"https:\/\/hotelgwarna.pl\/?s={search_term_string}\"},\"query-input\":{\"@type\":\"PropertyValueSpecification\",\"valueRequired\":true,\"valueName\":\"search_term_string\"}}],\"inLanguage\":\"en-US\"}]}<\/script>\n<!-- \/ Yoast SEO plugin. -->","yoast_head_json":{"title":"SkyGames & Shisha Bar - SkyHotelGwarna","description":"Hotel Gwarna to elegancki obiekt wypoczynkowy, zlokalizowany w centrum miasta, jedyne 100 krok\u00f3w od katedry! Oferujemy Go\u015bciom komfortowe pokoje wyposa\u017cone w przytulne \u0142azienki. Z okien wielu pomieszcze\u0144 naszego Hotelu roztacza si\u0119 wspania\u0142y widok na dachy legnickich budynk\u00f3w. Go\u015bcie, poszukuj\u0105cy ciszy i spokoju mog\u0105 rozkoszowa\u0107 si\u0119 podziwianiem panoramy niedalekich Karkonoszy z najwy\u017cszym szczytem \u2013 \u015anie\u017ck\u0105, a tak\u017ce blisko\u015bci\u0105 wspania\u0142ych zabytk\u00f3w.","robots":{"index":"index","follow":"follow","max-snippet":"max-snippet:-1","max-image-preview":"max-image-preview:large","max-video-preview":"max-video-preview:-1"},"canonical":"https:\/\/hotelgwarna.pl\/en\/skygames-shisha-bar\/","og_locale":"en_US","og_type":"article","og_title":"SkyGames & Shisha Bar - SkyHotelGwarna","og_description":"Hotel Gwarna to elegancki obiekt wypoczynkowy, zlokalizowany w centrum miasta, jedyne 100 krok\u00f3w od katedry! Oferujemy Go\u015bciom komfortowe pokoje wyposa\u017cone w przytulne \u0142azienki. Z okien wielu pomieszcze\u0144 naszego Hotelu roztacza si\u0119 wspania\u0142y widok na dachy legnickich budynk\u00f3w. Go\u015bcie, poszukuj\u0105cy ciszy i spokoju mog\u0105 rozkoszowa\u0107 si\u0119 podziwianiem panoramy niedalekich Karkonoszy z najwy\u017cszym szczytem \u2013 \u015anie\u017ck\u0105, a tak\u017ce blisko\u015bci\u0105 wspania\u0142ych zabytk\u00f3w.","og_url":"https:\/\/hotelgwarna.pl\/en\/skygames-shisha-bar\/","og_site_name":"SkyHotelGwarna","article_modified_time":"2026-03-05T16:10:57+00:00","og_image":[{"width":1154,"height":768,"url":"https:\/\/hotelgwarna.pl\/wp-content\/uploads\/2022\/05\/105-Ansicht-Nacht-Sredni.jpg","type":"image\/jpeg"}],"twitter_card":"summary_large_image","twitter_misc":{"Est. reading time":"1 minute"},"schema":{"@context":"https:\/\/schema.org","@graph":[{"@type":"WebPage","@id":"https:\/\/hotelgwarna.pl\/skygames-shisha-bar\/","url":"https:\/\/hotelgwarna.pl\/skygames-shisha-bar\/","name":"SkyGames & Shisha Bar - SkyHotelGwarna","isPartOf":{"@id":"https:\/\/hotelgwarna.pl\/#website"},"datePublished":"2022-05-25T08:53:52+00:00","dateModified":"2026-03-05T16:10:57+00:00","description":"Hotel Gwarna to elegancki obiekt wypoczynkowy, zlokalizowany w centrum miasta, jedyne 100 krok\u00f3w od katedry! Oferujemy Go\u015bciom komfortowe pokoje wyposa\u017cone w przytulne \u0142azienki. Z okien wielu pomieszcze\u0144 naszego Hotelu roztacza si\u0119 wspania\u0142y widok na dachy legnickich budynk\u00f3w. Go\u015bcie, poszukuj\u0105cy ciszy i spokoju mog\u0105 rozkoszowa\u0107 si\u0119 podziwianiem panoramy niedalekich Karkonoszy z najwy\u017cszym szczytem \u2013 \u015anie\u017ck\u0105, a tak\u017ce blisko\u015bci\u0105 wspania\u0142ych zabytk\u00f3w.","breadcrumb":{"@id":"https:\/\/hotelgwarna.pl\/skygames-shisha-bar\/#breadcrumb"},"inLanguage":"en-US","potentialAction":[{"@type":"ReadAction","target":["https:\/\/hotelgwarna.pl\/skygames-shisha-bar\/"]}]},{"@type":"BreadcrumbList","@id":"https:\/\/hotelgwarna.pl\/skygames-shisha-bar\/#breadcrumb","itemListElement":[{"@type":"ListItem","position":1,"name":"Strona g\u0142\u00f3wna","item":"https:\/\/hotelgwarna.pl\/"},{"@type":"ListItem","position":2,"name":"SkyGames &#038; Shisha Bar"}]},{"@type":"WebSite","@id":"https:\/\/hotelgwarna.pl\/#website","url":"https:\/\/hotelgwarna.pl\/","name":"SkyHotelGwarna","description":"Apartamenty, pokoje w Legnicy","potentialAction":[{"@type":"SearchAction","target":{"@type":"EntryPoint","urlTemplate":"https:\/\/hotelgwarna.pl\/?s={search_term_string}"},"query-input":{"@type":"PropertyValueSpecification","valueRequired":true,"valueName":"search_term_string"}}],"inLanguage":"en-US"}]}},"_links":{"self":[{"href":"https:\/\/hotelgwarna.pl\/en\/wp-json\/wp\/v2\/pages\/145","targetHints":{"allow":["GET"]}}],"collection":[{"href":"https:\/\/hotelgwarna.pl\/en\/wp-json\/wp\/v2\/pages"}],"about":[{"href":"https:\/\/hotelgwarna.pl\/en\/wp-json\/wp\/v2\/types\/page"}],"author":[{"embeddable":true,"href":"https:\/\/hotelgwarna.pl\/en\/wp-json\/wp\/v2\/users\/3"}],"replies":[{"embeddable":true,"href":"https:\/\/hotelgwarna.pl\/en\/wp-json\/wp\/v2\/comments?post=145"}],"version-history":[{"count":22,"href":"https:\/\/hotelgwarna.pl\/en\/wp-json\/wp\/v2\/pages\/145\/revisions"}],"predecessor-version":[{"id":929,"href":"https:\/\/hotelgwarna.pl\/en\/wp-json\/wp\/v2\/pages\/145\/revisions\/929"}],"wp:attachment":[{"href":"https:\/\/hotelgwarna.pl\/en\/wp-json\/wp\/v2\/media?parent=145"}],"curies":[{"name":"wp","href":"https:\/\/api.w.org\/{rel}","templated":true}]}}