{"id":110,"date":"2026-02-20T15:02:58","date_gmt":"2026-02-20T14:02:58","guid":{"rendered":"https:\/\/hotelgwarna.pl\/?page_id=110"},"modified":"2026-02-20T15:04:10","modified_gmt":"2026-02-20T14:04:10","slug":"oferty-specjalne","status":"publish","type":"page","link":"https:\/\/hotelgwarna.pl\/en\/oferty-specjalne\/","title":{"rendered":"Special Offers"},"content":{"rendered":"<p><strong>Pierwsza Komunia \u015awi\u0119ta SkyHotelGwarna \u2013 zosta\u0142y ostatnie wolne terminy!<\/strong>&nbsp;\u2728\ud83c\udf3f<\/p>\n\n\n\n<p>Pierwsza Komunia \u015awi\u0119ta to wyj\u0105tkowy dzie\u0144 \u2013 pe\u0142en wzrusze\u0144, rodzinnego ciep\u0142a i pi\u0119knych wspomnie\u0144 \ud83e\udd0d<br>Zadbaj o to, by mia\u0142 tak\u017ce wyj\u0105tkow\u0105 opraw\u0119.<\/p>\n\n\n\n<p>W naszym hotelu oferujemy:<br>\u2714 eleganck\u0105, klimatyzowan\u0105 sal\u0119<br>\u2714 wy\u015bmienite menu dopasowane do potrzeb dzieci i doros\u0142ych<br>\u2714 profesjonaln\u0105 obs\u0142ug\u0119<br>\u2714 indywidualne podej\u015bcie do ka\u017cdej rodziny<\/p>\n\n\n\n<p>\ud83c\udf80 Tworzymy przyj\u0119cia z klas\u0105 \u2013 bez stresu i bez po\u015bpiechu.<\/p>\n\n\n\n<p>\ud83d\udcc5&nbsp;<strong>Uwaga! Zosta\u0142y ju\u017c tylko ostatnie wolne terminy komunijne.<\/strong><br>Nie odk\u0142adaj decyzji \u2013 zarezerwuj sal\u0119 ju\u017c dzi\u015b i miej pewno\u015b\u0107, \u017ce ten dzie\u0144 b\u0119dzie naprawd\u0119 wyj\u0105tkowy.<\/p>\n\n\n\n<p>\ud83d\udce9 Napisz do nas w wiadomo\u015bci prywatnej&nbsp;<a href=\"mailto:marketing@skycenter.info\">marketing@skycenter.info<\/a>&nbsp;lub zadzwo\u0144 514-045-557 \u2013 ch\u0119tnie przedstawimy szczeg\u00f3\u0142y oferty.<\/p>","protected":false},"excerpt":{"rendered":"<p>Pierwsza Komunia \u015awi\u0119ta SkyHotelGwarna \u2013 zosta\u0142y ostatnie wolne terminy!&nbsp;\u2728\ud83c\udf3f Pierwsza Komunia \u015awi\u0119ta to wyj\u0105tkowy dzie\u0144 \u2013 pe\u0142en wzrusze\u0144, rodzinnego ciep\u0142a i pi\u0119knych wspomnie\u0144 \ud83e\udd0dZadbaj o to, by mia\u0142 tak\u017ce wyj\u0105tkow\u0105 opraw\u0119. W naszym hotelu oferujemy:\u2714 eleganck\u0105, klimatyzowan\u0105 sal\u0119\u2714 wy\u015bmienite menu dopasowane do potrzeb dzieci i doros\u0142ych\u2714 profesjonaln\u0105 obs\u0142ug\u0119\u2714 indywidualne podej\u015bcie do ka\u017cdej rodziny \ud83c\udf80 Tworzymy [&hellip;]<\/p>","protected":false},"author":3,"featured_media":913,"parent":0,"menu_order":0,"comment_status":"closed","ping_status":"closed","template":"","meta":{"_acf_changed":false,"footnotes":""},"class_list":["post-110","page","type-page","status-publish","has-post-thumbnail","hentry"],"acf":[],"yoast_head":"<!-- This site is optimized with the Yoast SEO plugin v24.7 - https:\/\/yoast.com\/wordpress\/plugins\/seo\/ -->\n<title>Oferty Specjalne - SkyHotelGwarna<\/title>\n<meta name=\"description\" content=\"Hotel Gwarna to elegancki obiekt wypoczynkowy, zlokalizowany w centrum miasta, jedyne 100 krok\u00f3w od katedry! Oferujemy Go\u015bciom komfortowe pokoje wyposa\u017cone w przytulne \u0142azienki. Z okien wielu pomieszcze\u0144 naszego Hotelu roztacza si\u0119 wspania\u0142y widok na dachy legnickich budynk\u00f3w. Go\u015bcie, poszukuj\u0105cy ciszy i spokoju mog\u0105 rozkoszowa\u0107 si\u0119 podziwianiem panoramy niedalekich Karkonoszy z najwy\u017cszym szczytem \u2013 \u015anie\u017ck\u0105, a tak\u017ce blisko\u015bci\u0105 wspania\u0142ych zabytk\u00f3w.\" \/>\n<meta name=\"robots\" content=\"index, follow, max-snippet:-1, max-image-preview:large, max-video-preview:-1\" \/>\n<link rel=\"canonical\" href=\"https:\/\/hotelgwarna.pl\/en\/oferty-specjalne\/\" \/>\n<meta property=\"og:locale\" content=\"en_US\" \/>\n<meta property=\"og:type\" content=\"article\" \/>\n<meta property=\"og:title\" content=\"Oferty Specjalne - SkyHotelGwarna\" \/>\n<meta property=\"og:description\" content=\"Hotel Gwarna to elegancki obiekt wypoczynkowy, zlokalizowany w centrum miasta, jedyne 100 krok\u00f3w od katedry! Oferujemy Go\u015bciom komfortowe pokoje wyposa\u017cone w przytulne \u0142azienki. Z okien wielu pomieszcze\u0144 naszego Hotelu roztacza si\u0119 wspania\u0142y widok na dachy legnickich budynk\u00f3w. Go\u015bcie, poszukuj\u0105cy ciszy i spokoju mog\u0105 rozkoszowa\u0107 si\u0119 podziwianiem panoramy niedalekich Karkonoszy z najwy\u017cszym szczytem \u2013 \u015anie\u017ck\u0105, a tak\u017ce blisko\u015bci\u0105 wspania\u0142ych zabytk\u00f3w.\" \/>\n<meta property=\"og:url\" content=\"https:\/\/hotelgwarna.pl\/en\/oferty-specjalne\/\" \/>\n<meta property=\"og:site_name\" content=\"SkyHotelGwarna\" \/>\n<meta property=\"article:modified_time\" content=\"2026-02-20T14:04:10+00:00\" \/>\n<meta property=\"og:image\" content=\"https:\/\/hotelgwarna.pl\/wp-content\/uploads\/2026\/02\/Pierwsza-Komunia-Swieta.png\" \/>\n\t<meta property=\"og:image:width\" content=\"1200\" \/>\n\t<meta property=\"og:image:height\" content=\"630\" \/>\n\t<meta property=\"og:image:type\" content=\"image\/png\" \/>\n<meta name=\"twitter:card\" content=\"summary_large_image\" \/>\n<meta name=\"twitter:label1\" content=\"Est. reading time\" \/>\n\t<meta name=\"twitter:data1\" content=\"4 minutes\" \/>\n<script type=\"application\/ld+json\" class=\"yoast-schema-graph\">{\"@context\":\"https:\/\/schema.org\",\"@graph\":[{\"@type\":\"WebPage\",\"@id\":\"https:\/\/hotelgwarna.pl\/oferty-specjalne\/\",\"url\":\"https:\/\/hotelgwarna.pl\/oferty-specjalne\/\",\"name\":\"Oferty Specjalne - SkyHotelGwarna\",\"isPartOf\":{\"@id\":\"https:\/\/hotelgwarna.pl\/#website\"},\"primaryImageOfPage\":{\"@id\":\"https:\/\/hotelgwarna.pl\/oferty-specjalne\/#primaryimage\"},\"image\":{\"@id\":\"https:\/\/hotelgwarna.pl\/oferty-specjalne\/#primaryimage\"},\"thumbnailUrl\":\"https:\/\/hotelgwarna.pl\/wp-content\/uploads\/2026\/02\/Pierwsza-Komunia-Swieta.png\",\"datePublished\":\"2026-02-20T14:02:58+00:00\",\"dateModified\":\"2026-02-20T14:04:10+00:00\",\"description\":\"Hotel Gwarna to elegancki obiekt wypoczynkowy, zlokalizowany w centrum miasta, jedyne 100 krok\u00f3w od katedry! Oferujemy Go\u015bciom komfortowe pokoje wyposa\u017cone w przytulne \u0142azienki. Z okien wielu pomieszcze\u0144 naszego Hotelu roztacza si\u0119 wspania\u0142y widok na dachy legnickich budynk\u00f3w. Go\u015bcie, poszukuj\u0105cy ciszy i spokoju mog\u0105 rozkoszowa\u0107 si\u0119 podziwianiem panoramy niedalekich Karkonoszy z najwy\u017cszym szczytem \u2013 \u015anie\u017ck\u0105, a tak\u017ce blisko\u015bci\u0105 wspania\u0142ych zabytk\u00f3w.\",\"breadcrumb\":{\"@id\":\"https:\/\/hotelgwarna.pl\/oferty-specjalne\/#breadcrumb\"},\"inLanguage\":\"en-US\",\"potentialAction\":[{\"@type\":\"ReadAction\",\"target\":[\"https:\/\/hotelgwarna.pl\/oferty-specjalne\/\"]}]},{\"@type\":\"ImageObject\",\"inLanguage\":\"en-US\",\"@id\":\"https:\/\/hotelgwarna.pl\/oferty-specjalne\/#primaryimage\",\"url\":\"https:\/\/hotelgwarna.pl\/wp-content\/uploads\/2026\/02\/Pierwsza-Komunia-Swieta.png\",\"contentUrl\":\"https:\/\/hotelgwarna.pl\/wp-content\/uploads\/2026\/02\/Pierwsza-Komunia-Swieta.png\",\"width\":1200,\"height\":630},{\"@type\":\"BreadcrumbList\",\"@id\":\"https:\/\/hotelgwarna.pl\/oferty-specjalne\/#breadcrumb\",\"itemListElement\":[{\"@type\":\"ListItem\",\"position\":1,\"name\":\"Strona g\u0142\u00f3wna\",\"item\":\"https:\/\/hotelgwarna.pl\/\"},{\"@type\":\"ListItem\",\"position\":2,\"name\":\"Oferty Specjalne\"}]},{\"@type\":\"WebSite\",\"@id\":\"https:\/\/hotelgwarna.pl\/#website\",\"url\":\"https:\/\/hotelgwarna.pl\/\",\"name\":\"SkyHotelGwarna\",\"description\":\"Apartamenty, pokoje w Legnicy\",\"potentialAction\":[{\"@type\":\"SearchAction\",\"target\":{\"@type\":\"EntryPoint\",\"urlTemplate\":\"https:\/\/hotelgwarna.pl\/?s={search_term_string}\"},\"query-input\":{\"@type\":\"PropertyValueSpecification\",\"valueRequired\":true,\"valueName\":\"search_term_string\"}}],\"inLanguage\":\"en-US\"}]}<\/script>\n<!-- \/ Yoast SEO plugin. -->","yoast_head_json":{"title":"Oferty Specjalne - SkyHotelGwarna","description":"Hotel Gwarna to elegancki obiekt wypoczynkowy, zlokalizowany w centrum miasta, jedyne 100 krok\u00f3w od katedry! Oferujemy Go\u015bciom komfortowe pokoje wyposa\u017cone w przytulne \u0142azienki. Z okien wielu pomieszcze\u0144 naszego Hotelu roztacza si\u0119 wspania\u0142y widok na dachy legnickich budynk\u00f3w. Go\u015bcie, poszukuj\u0105cy ciszy i spokoju mog\u0105 rozkoszowa\u0107 si\u0119 podziwianiem panoramy niedalekich Karkonoszy z najwy\u017cszym szczytem \u2013 \u015anie\u017ck\u0105, a tak\u017ce blisko\u015bci\u0105 wspania\u0142ych zabytk\u00f3w.","robots":{"index":"index","follow":"follow","max-snippet":"max-snippet:-1","max-image-preview":"max-image-preview:large","max-video-preview":"max-video-preview:-1"},"canonical":"https:\/\/hotelgwarna.pl\/en\/oferty-specjalne\/","og_locale":"en_US","og_type":"article","og_title":"Oferty Specjalne - SkyHotelGwarna","og_description":"Hotel Gwarna to elegancki obiekt wypoczynkowy, zlokalizowany w centrum miasta, jedyne 100 krok\u00f3w od katedry! Oferujemy Go\u015bciom komfortowe pokoje wyposa\u017cone w przytulne \u0142azienki. Z okien wielu pomieszcze\u0144 naszego Hotelu roztacza si\u0119 wspania\u0142y widok na dachy legnickich budynk\u00f3w. Go\u015bcie, poszukuj\u0105cy ciszy i spokoju mog\u0105 rozkoszowa\u0107 si\u0119 podziwianiem panoramy niedalekich Karkonoszy z najwy\u017cszym szczytem \u2013 \u015anie\u017ck\u0105, a tak\u017ce blisko\u015bci\u0105 wspania\u0142ych zabytk\u00f3w.","og_url":"https:\/\/hotelgwarna.pl\/en\/oferty-specjalne\/","og_site_name":"SkyHotelGwarna","article_modified_time":"2026-02-20T14:04:10+00:00","og_image":[{"width":1200,"height":630,"url":"https:\/\/hotelgwarna.pl\/wp-content\/uploads\/2026\/02\/Pierwsza-Komunia-Swieta.png","type":"image\/png"}],"twitter_card":"summary_large_image","twitter_misc":{"Est. reading time":"4 minutes"},"schema":{"@context":"https:\/\/schema.org","@graph":[{"@type":"WebPage","@id":"https:\/\/hotelgwarna.pl\/oferty-specjalne\/","url":"https:\/\/hotelgwarna.pl\/oferty-specjalne\/","name":"Oferty Specjalne - SkyHotelGwarna","isPartOf":{"@id":"https:\/\/hotelgwarna.pl\/#website"},"primaryImageOfPage":{"@id":"https:\/\/hotelgwarna.pl\/oferty-specjalne\/#primaryimage"},"image":{"@id":"https:\/\/hotelgwarna.pl\/oferty-specjalne\/#primaryimage"},"thumbnailUrl":"https:\/\/hotelgwarna.pl\/wp-content\/uploads\/2026\/02\/Pierwsza-Komunia-Swieta.png","datePublished":"2026-02-20T14:02:58+00:00","dateModified":"2026-02-20T14:04:10+00:00","description":"Hotel Gwarna to elegancki obiekt wypoczynkowy, zlokalizowany w centrum miasta, jedyne 100 krok\u00f3w od katedry! Oferujemy Go\u015bciom komfortowe pokoje wyposa\u017cone w przytulne \u0142azienki. Z okien wielu pomieszcze\u0144 naszego Hotelu roztacza si\u0119 wspania\u0142y widok na dachy legnickich budynk\u00f3w. Go\u015bcie, poszukuj\u0105cy ciszy i spokoju mog\u0105 rozkoszowa\u0107 si\u0119 podziwianiem panoramy niedalekich Karkonoszy z najwy\u017cszym szczytem \u2013 \u015anie\u017ck\u0105, a tak\u017ce blisko\u015bci\u0105 wspania\u0142ych zabytk\u00f3w.","breadcrumb":{"@id":"https:\/\/hotelgwarna.pl\/oferty-specjalne\/#breadcrumb"},"inLanguage":"en-US","potentialAction":[{"@type":"ReadAction","target":["https:\/\/hotelgwarna.pl\/oferty-specjalne\/"]}]},{"@type":"ImageObject","inLanguage":"en-US","@id":"https:\/\/hotelgwarna.pl\/oferty-specjalne\/#primaryimage","url":"https:\/\/hotelgwarna.pl\/wp-content\/uploads\/2026\/02\/Pierwsza-Komunia-Swieta.png","contentUrl":"https:\/\/hotelgwarna.pl\/wp-content\/uploads\/2026\/02\/Pierwsza-Komunia-Swieta.png","width":1200,"height":630},{"@type":"BreadcrumbList","@id":"https:\/\/hotelgwarna.pl\/oferty-specjalne\/#breadcrumb","itemListElement":[{"@type":"ListItem","position":1,"name":"Strona g\u0142\u00f3wna","item":"https:\/\/hotelgwarna.pl\/"},{"@type":"ListItem","position":2,"name":"Oferty Specjalne"}]},{"@type":"WebSite","@id":"https:\/\/hotelgwarna.pl\/#website","url":"https:\/\/hotelgwarna.pl\/","name":"SkyHotelGwarna","description":"Apartamenty, pokoje w Legnicy","potentialAction":[{"@type":"SearchAction","target":{"@type":"EntryPoint","urlTemplate":"https:\/\/hotelgwarna.pl\/?s={search_term_string}"},"query-input":{"@type":"PropertyValueSpecification","valueRequired":true,"valueName":"search_term_string"}}],"inLanguage":"en-US"}]}},"_links":{"self":[{"href":"https:\/\/hotelgwarna.pl\/en\/wp-json\/wp\/v2\/pages\/110","targetHints":{"allow":["GET"]}}],"collection":[{"href":"https:\/\/hotelgwarna.pl\/en\/wp-json\/wp\/v2\/pages"}],"about":[{"href":"https:\/\/hotelgwarna.pl\/en\/wp-json\/wp\/v2\/types\/page"}],"author":[{"embeddable":true,"href":"https:\/\/hotelgwarna.pl\/en\/wp-json\/wp\/v2\/users\/3"}],"replies":[{"embeddable":true,"href":"https:\/\/hotelgwarna.pl\/en\/wp-json\/wp\/v2\/comments?post=110"}],"version-history":[{"count":2,"href":"https:\/\/hotelgwarna.pl\/en\/wp-json\/wp\/v2\/pages\/110\/revisions"}],"predecessor-version":[{"id":915,"href":"https:\/\/hotelgwarna.pl\/en\/wp-json\/wp\/v2\/pages\/110\/revisions\/915"}],"wp:featuredmedia":[{"embeddable":true,"href":"https:\/\/hotelgwarna.pl\/en\/wp-json\/wp\/v2\/media\/913"}],"wp:attachment":[{"href":"https:\/\/hotelgwarna.pl\/en\/wp-json\/wp\/v2\/media?parent=110"}],"curies":[{"name":"wp","href":"https:\/\/api.w.org\/{rel}","templated":true}]}}