{"id":415,"date":"2022-06-13T10:52:59","date_gmt":"2022-06-13T08:52:59","guid":{"rendered":"https:\/\/hotelgwarna.pl\/?page_id=415"},"modified":"2025-04-11T12:29:26","modified_gmt":"2025-04-11T10:29:26","slug":"vouchery","status":"publish","type":"page","link":"https:\/\/hotelgwarna.pl\/de\/vouchery\/","title":{"rendered":"Gutscheine"},"content":{"rendered":"<p><strong>Schenken Sie Ihren Liebsten unvergessliche Momente der Entspannung und des Genusses.<\/strong><br>Suchen Sie ein einzigartiges Geschenk? <strong>Sky Hotel Bustle<\/strong> bietet elegante <strong>Geschenkgutscheine<\/strong>, die f\u00fcr jeden Anlass perfekt sind.<\/p>\n\n\n\n<p>Zur Auswahl stehen unter anderem folgende Gutscheine:<\/p>\n\n\n\n<ul class=\"wp-block-list\">\n<li><strong>Massagen bei Orient Massage<\/strong>, durchgef\u00fchrt von zertifizierten Therapeuten von der Insel Bali \u2013 die als die besten Masseurinnen der Welt gelten,<\/li>\n\n\n\n<li>eine kulinarische Geschmacksreise in <strong>Panoramarestaurant<\/strong>, das einen atemberaubenden Blick auf die Stadt bietet,<\/li>\n\n\n\n<li>entspannend oder romantisch <strong>Unterkunft im komfortablen Interieur des Sky Hotel Gwarna<\/strong>,<\/li>\n\n\n\n<li>aktive Erholung in einem modernen <strong>SkyFitness-Trainingszone<\/strong>, ausgestattet mit professionellen Ger\u00e4ten und \u00dcbungsraum mit Blick auf das Stadtpanorama,<\/li>\n\n\n\n<li>viel Spa\u00df im <strong>Sky Games<\/strong> \u2013 ein Unterhaltungsbereich mit Bowlingbahnen, Billard und anderen Attraktionen f\u00fcr die ganze Familie oder eine Gruppe von Freunden.<\/li>\n<\/ul>\n\n\n\n<p>Es ist mehr als nur ein Geschenk \u2013 es ist ein einzigartiges Erlebnis im Herzen von Legnica.<\/p>\n\n\n\n<p><\/p>","protected":false},"excerpt":{"rendered":"<p>Podaruj bliskiej osobie niezapomniane chwile relaksu i przyjemno\u015bci.Szukasz wyj\u0105tkowego prezentu? Sky Hotel Gwarna oferuje eleganckie vouchery prezentowe, kt\u00f3re idealnie sprawdz\u0105 si\u0119 na ka\u017cd\u0105 okazj\u0119. W ramach voucher\u00f3w do wyboru m.in.: To co\u015b wi\u0119cej ni\u017c prezent \u2013 to wyj\u0105tkowe do\u015bwiadczenie w samym sercu Legnicy.<\/p>","protected":false},"author":3,"featured_media":0,"parent":0,"menu_order":0,"comment_status":"closed","ping_status":"closed","template":"","meta":{"_acf_changed":false,"footnotes":""},"class_list":["post-415","page","type-page","status-publish","hentry"],"acf":[],"yoast_head":"<!-- This site is optimized with the Yoast SEO plugin v24.7 - https:\/\/yoast.com\/wordpress\/plugins\/seo\/ -->\n<title>Vouchery - SkyHotelGwarna<\/title>\n<meta name=\"description\" content=\"Hotel Gwarna to elegancki obiekt wypoczynkowy, zlokalizowany w centrum miasta, jedyne 100 krok\u00f3w od katedry! Oferujemy Go\u015bciom komfortowe pokoje wyposa\u017cone w przytulne \u0142azienki. Z okien wielu pomieszcze\u0144 naszego Hotelu roztacza si\u0119 wspania\u0142y widok na dachy legnickich budynk\u00f3w. Go\u015bcie, poszukuj\u0105cy ciszy i spokoju mog\u0105 rozkoszowa\u0107 si\u0119 podziwianiem panoramy niedalekich Karkonoszy z najwy\u017cszym szczytem \u2013 \u015anie\u017ck\u0105, a tak\u017ce blisko\u015bci\u0105 wspania\u0142ych zabytk\u00f3w.\" \/>\n<meta name=\"robots\" content=\"index, follow, max-snippet:-1, max-image-preview:large, max-video-preview:-1\" \/>\n<link rel=\"canonical\" href=\"https:\/\/hotelgwarna.pl\/de\/vouchery\/\" \/>\n<meta property=\"og:locale\" content=\"de_DE\" \/>\n<meta property=\"og:type\" content=\"article\" \/>\n<meta property=\"og:title\" content=\"Vouchery - SkyHotelGwarna\" \/>\n<meta property=\"og:description\" content=\"Hotel Gwarna to elegancki obiekt wypoczynkowy, zlokalizowany w centrum miasta, jedyne 100 krok\u00f3w od katedry! Oferujemy Go\u015bciom komfortowe pokoje wyposa\u017cone w przytulne \u0142azienki. Z okien wielu pomieszcze\u0144 naszego Hotelu roztacza si\u0119 wspania\u0142y widok na dachy legnickich budynk\u00f3w. Go\u015bcie, poszukuj\u0105cy ciszy i spokoju mog\u0105 rozkoszowa\u0107 si\u0119 podziwianiem panoramy niedalekich Karkonoszy z najwy\u017cszym szczytem \u2013 \u015anie\u017ck\u0105, a tak\u017ce blisko\u015bci\u0105 wspania\u0142ych zabytk\u00f3w.\" \/>\n<meta property=\"og:url\" content=\"https:\/\/hotelgwarna.pl\/de\/vouchery\/\" \/>\n<meta property=\"og:site_name\" content=\"SkyHotelGwarna\" \/>\n<meta property=\"article:modified_time\" content=\"2025-04-11T10:29:26+00:00\" \/>\n<meta property=\"og:image\" content=\"https:\/\/hotelgwarna.pl\/wp-content\/uploads\/2022\/05\/105-Ansicht-Nacht-Sredni.jpg\" \/>\n\t<meta property=\"og:image:width\" content=\"1154\" \/>\n\t<meta property=\"og:image:height\" content=\"768\" \/>\n\t<meta property=\"og:image:type\" content=\"image\/jpeg\" \/>\n<meta name=\"twitter:card\" content=\"summary_large_image\" \/>\n<meta name=\"twitter:label1\" content=\"Gesch\u00e4tzte Lesezeit\" \/>\n\t<meta name=\"twitter:data1\" content=\"1\u00a0Minute\" \/>\n<script type=\"application\/ld+json\" class=\"yoast-schema-graph\">{\"@context\":\"https:\/\/schema.org\",\"@graph\":[{\"@type\":\"WebPage\",\"@id\":\"https:\/\/hotelgwarna.pl\/vouchery\/\",\"url\":\"https:\/\/hotelgwarna.pl\/vouchery\/\",\"name\":\"Vouchery - SkyHotelGwarna\",\"isPartOf\":{\"@id\":\"https:\/\/hotelgwarna.pl\/#website\"},\"datePublished\":\"2022-06-13T08:52:59+00:00\",\"dateModified\":\"2025-04-11T10:29:26+00:00\",\"description\":\"Hotel Gwarna to elegancki obiekt wypoczynkowy, zlokalizowany w centrum miasta, jedyne 100 krok\u00f3w od katedry! Oferujemy Go\u015bciom komfortowe pokoje wyposa\u017cone w przytulne \u0142azienki. Z okien wielu pomieszcze\u0144 naszego Hotelu roztacza si\u0119 wspania\u0142y widok na dachy legnickich budynk\u00f3w. Go\u015bcie, poszukuj\u0105cy ciszy i spokoju mog\u0105 rozkoszowa\u0107 si\u0119 podziwianiem panoramy niedalekich Karkonoszy z najwy\u017cszym szczytem \u2013 \u015anie\u017ck\u0105, a tak\u017ce blisko\u015bci\u0105 wspania\u0142ych zabytk\u00f3w.\",\"breadcrumb\":{\"@id\":\"https:\/\/hotelgwarna.pl\/vouchery\/#breadcrumb\"},\"inLanguage\":\"de\",\"potentialAction\":[{\"@type\":\"ReadAction\",\"target\":[\"https:\/\/hotelgwarna.pl\/vouchery\/\"]}]},{\"@type\":\"BreadcrumbList\",\"@id\":\"https:\/\/hotelgwarna.pl\/vouchery\/#breadcrumb\",\"itemListElement\":[{\"@type\":\"ListItem\",\"position\":1,\"name\":\"Strona g\u0142\u00f3wna\",\"item\":\"https:\/\/hotelgwarna.pl\/\"},{\"@type\":\"ListItem\",\"position\":2,\"name\":\"Vouchery\"}]},{\"@type\":\"WebSite\",\"@id\":\"https:\/\/hotelgwarna.pl\/#website\",\"url\":\"https:\/\/hotelgwarna.pl\/\",\"name\":\"SkyHotelGwarna\",\"description\":\"Apartamenty, pokoje w Legnicy\",\"potentialAction\":[{\"@type\":\"SearchAction\",\"target\":{\"@type\":\"EntryPoint\",\"urlTemplate\":\"https:\/\/hotelgwarna.pl\/?s={search_term_string}\"},\"query-input\":{\"@type\":\"PropertyValueSpecification\",\"valueRequired\":true,\"valueName\":\"search_term_string\"}}],\"inLanguage\":\"de\"}]}<\/script>\n<!-- \/ Yoast SEO plugin. -->","yoast_head_json":{"title":"Vouchery - SkyHotelGwarna","description":"Hotel Gwarna to elegancki obiekt wypoczynkowy, zlokalizowany w centrum miasta, jedyne 100 krok\u00f3w od katedry! Oferujemy Go\u015bciom komfortowe pokoje wyposa\u017cone w przytulne \u0142azienki. Z okien wielu pomieszcze\u0144 naszego Hotelu roztacza si\u0119 wspania\u0142y widok na dachy legnickich budynk\u00f3w. Go\u015bcie, poszukuj\u0105cy ciszy i spokoju mog\u0105 rozkoszowa\u0107 si\u0119 podziwianiem panoramy niedalekich Karkonoszy z najwy\u017cszym szczytem \u2013 \u015anie\u017ck\u0105, a tak\u017ce blisko\u015bci\u0105 wspania\u0142ych zabytk\u00f3w.","robots":{"index":"index","follow":"follow","max-snippet":"max-snippet:-1","max-image-preview":"max-image-preview:large","max-video-preview":"max-video-preview:-1"},"canonical":"https:\/\/hotelgwarna.pl\/de\/vouchery\/","og_locale":"de_DE","og_type":"article","og_title":"Vouchery - SkyHotelGwarna","og_description":"Hotel Gwarna to elegancki obiekt wypoczynkowy, zlokalizowany w centrum miasta, jedyne 100 krok\u00f3w od katedry! Oferujemy Go\u015bciom komfortowe pokoje wyposa\u017cone w przytulne \u0142azienki. Z okien wielu pomieszcze\u0144 naszego Hotelu roztacza si\u0119 wspania\u0142y widok na dachy legnickich budynk\u00f3w. Go\u015bcie, poszukuj\u0105cy ciszy i spokoju mog\u0105 rozkoszowa\u0107 si\u0119 podziwianiem panoramy niedalekich Karkonoszy z najwy\u017cszym szczytem \u2013 \u015anie\u017ck\u0105, a tak\u017ce blisko\u015bci\u0105 wspania\u0142ych zabytk\u00f3w.","og_url":"https:\/\/hotelgwarna.pl\/de\/vouchery\/","og_site_name":"SkyHotelGwarna","article_modified_time":"2025-04-11T10:29:26+00:00","og_image":[{"width":1154,"height":768,"url":"https:\/\/hotelgwarna.pl\/wp-content\/uploads\/2022\/05\/105-Ansicht-Nacht-Sredni.jpg","type":"image\/jpeg"}],"twitter_card":"summary_large_image","twitter_misc":{"Gesch\u00e4tzte Lesezeit":"1\u00a0Minute"},"schema":{"@context":"https:\/\/schema.org","@graph":[{"@type":"WebPage","@id":"https:\/\/hotelgwarna.pl\/vouchery\/","url":"https:\/\/hotelgwarna.pl\/vouchery\/","name":"Vouchery - SkyHotelGwarna","isPartOf":{"@id":"https:\/\/hotelgwarna.pl\/#website"},"datePublished":"2022-06-13T08:52:59+00:00","dateModified":"2025-04-11T10:29:26+00:00","description":"Hotel Gwarna to elegancki obiekt wypoczynkowy, zlokalizowany w centrum miasta, jedyne 100 krok\u00f3w od katedry! Oferujemy Go\u015bciom komfortowe pokoje wyposa\u017cone w przytulne \u0142azienki. Z okien wielu pomieszcze\u0144 naszego Hotelu roztacza si\u0119 wspania\u0142y widok na dachy legnickich budynk\u00f3w. Go\u015bcie, poszukuj\u0105cy ciszy i spokoju mog\u0105 rozkoszowa\u0107 si\u0119 podziwianiem panoramy niedalekich Karkonoszy z najwy\u017cszym szczytem \u2013 \u015anie\u017ck\u0105, a tak\u017ce blisko\u015bci\u0105 wspania\u0142ych zabytk\u00f3w.","breadcrumb":{"@id":"https:\/\/hotelgwarna.pl\/vouchery\/#breadcrumb"},"inLanguage":"de","potentialAction":[{"@type":"ReadAction","target":["https:\/\/hotelgwarna.pl\/vouchery\/"]}]},{"@type":"BreadcrumbList","@id":"https:\/\/hotelgwarna.pl\/vouchery\/#breadcrumb","itemListElement":[{"@type":"ListItem","position":1,"name":"Strona g\u0142\u00f3wna","item":"https:\/\/hotelgwarna.pl\/"},{"@type":"ListItem","position":2,"name":"Vouchery"}]},{"@type":"WebSite","@id":"https:\/\/hotelgwarna.pl\/#website","url":"https:\/\/hotelgwarna.pl\/","name":"SkyHotelGwarna","description":"Apartamenty, pokoje w Legnicy","potentialAction":[{"@type":"SearchAction","target":{"@type":"EntryPoint","urlTemplate":"https:\/\/hotelgwarna.pl\/?s={search_term_string}"},"query-input":{"@type":"PropertyValueSpecification","valueRequired":true,"valueName":"search_term_string"}}],"inLanguage":"de"}]}},"_links":{"self":[{"href":"https:\/\/hotelgwarna.pl\/de\/wp-json\/wp\/v2\/pages\/415","targetHints":{"allow":["GET"]}}],"collection":[{"href":"https:\/\/hotelgwarna.pl\/de\/wp-json\/wp\/v2\/pages"}],"about":[{"href":"https:\/\/hotelgwarna.pl\/de\/wp-json\/wp\/v2\/types\/page"}],"author":[{"embeddable":true,"href":"https:\/\/hotelgwarna.pl\/de\/wp-json\/wp\/v2\/users\/3"}],"replies":[{"embeddable":true,"href":"https:\/\/hotelgwarna.pl\/de\/wp-json\/wp\/v2\/comments?post=415"}],"version-history":[{"count":5,"href":"https:\/\/hotelgwarna.pl\/de\/wp-json\/wp\/v2\/pages\/415\/revisions"}],"predecessor-version":[{"id":659,"href":"https:\/\/hotelgwarna.pl\/de\/wp-json\/wp\/v2\/pages\/415\/revisions\/659"}],"wp:attachment":[{"href":"https:\/\/hotelgwarna.pl\/de\/wp-json\/wp\/v2\/media?parent=415"}],"curies":[{"name":"wp","href":"https:\/\/api.w.org\/{rel}","templated":true}]}}