{"id":139,"date":"2022-05-25T10:52:08","date_gmt":"2022-05-25T08:52:08","guid":{"rendered":"https:\/\/hotelgwarna.pl\/?page_id=139"},"modified":"2026-02-25T15:10:21","modified_gmt":"2026-02-25T14:10:21","slug":"skyclub","status":"publish","type":"page","link":"https:\/\/hotelgwarna.pl\/de\/skyclub\/","title":{"rendered":"Sky&amp;Club&amp;Shisha&amp;Pub"},"content":{"rendered":"<p>Der SkyClub Legnica ist ein Clubraum auf h\u00f6chstem Niveau im Stadtzentrum.<br>Zwei Tanzfl\u00e4chen, eine gro\u00dfe Auswahl an Pl\u00e4tzen zur Buchung und ein gro\u00dfz\u00fcgiger VIP-RAUM mit separater Bar und Gastronomie.<br>DJ-Auftritte aus den gr\u00f6\u00dften Clubs in Polen, Live-Acts und Live-Instrumente.<br>Spa\u00df auf so hohem Niveau erwartet Sie nur in der Bankowa-Stra\u00dfe 2!<\/p>\n\n\n\n<p>NASI GO\u015aCIE ZAWSZE WCHODZ\u0104 BEZP\u0141ATNIE  !!<\/p>\n\n\n\n<p>ZAPRASZAMY !!<\/p>\n\n\n\n<p><\/p>","protected":false},"excerpt":{"rendered":"<p>SkyClub Legnica to mieszcz\u0105ca si\u0119 w centrum Miasta przestrze\u0144 klubowa na najwy\u017cszym poziomie.Dwa parkiety taneczne, szeroki wyb\u00f3r miejsc do rezerwacji oraz przestrzenny VIP ROOM wraz z osobnym barem i gastronomi\u0105.Wyst\u0119py dj'\u00f3w z najwi\u0119kszych klub\u00f3w w Polsce, live act'y oraz instrumenty na \u017cywo.Zabawa na tak wysokim poziomie czeka Was jedynie przy ulicy Bankowej 2! NASI GO\u015aCIE [&hellip;]<\/p>","protected":false},"author":3,"featured_media":0,"parent":0,"menu_order":0,"comment_status":"closed","ping_status":"closed","template":"","meta":{"_acf_changed":false,"footnotes":""},"class_list":["post-139","page","type-page","status-publish","hentry"],"acf":[],"yoast_head":"<!-- This site is optimized with the Yoast SEO plugin v24.7 - https:\/\/yoast.com\/wordpress\/plugins\/seo\/ -->\n<title>Sky&amp;Club&amp;Shisha&amp;Pub - SkyHotelGwarna<\/title>\n<meta name=\"description\" content=\"Hotel Gwarna to elegancki obiekt wypoczynkowy, zlokalizowany w centrum miasta, jedyne 100 krok\u00f3w od katedry! Oferujemy Go\u015bciom komfortowe pokoje wyposa\u017cone w przytulne \u0142azienki. Z okien wielu pomieszcze\u0144 naszego Hotelu roztacza si\u0119 wspania\u0142y widok na dachy legnickich budynk\u00f3w. Go\u015bcie, poszukuj\u0105cy ciszy i spokoju mog\u0105 rozkoszowa\u0107 si\u0119 podziwianiem panoramy niedalekich Karkonoszy z najwy\u017cszym szczytem \u2013 \u015anie\u017ck\u0105, a tak\u017ce blisko\u015bci\u0105 wspania\u0142ych zabytk\u00f3w.\" \/>\n<meta name=\"robots\" content=\"index, follow, max-snippet:-1, max-image-preview:large, max-video-preview:-1\" \/>\n<link rel=\"canonical\" href=\"https:\/\/hotelgwarna.pl\/de\/skyclub\/\" \/>\n<meta property=\"og:locale\" content=\"de_DE\" \/>\n<meta property=\"og:type\" content=\"article\" \/>\n<meta property=\"og:title\" content=\"Sky&amp;Club&amp;Shisha&amp;Pub - SkyHotelGwarna\" \/>\n<meta property=\"og:description\" content=\"Hotel Gwarna to elegancki obiekt wypoczynkowy, zlokalizowany w centrum miasta, jedyne 100 krok\u00f3w od katedry! Oferujemy Go\u015bciom komfortowe pokoje wyposa\u017cone w przytulne \u0142azienki. Z okien wielu pomieszcze\u0144 naszego Hotelu roztacza si\u0119 wspania\u0142y widok na dachy legnickich budynk\u00f3w. Go\u015bcie, poszukuj\u0105cy ciszy i spokoju mog\u0105 rozkoszowa\u0107 si\u0119 podziwianiem panoramy niedalekich Karkonoszy z najwy\u017cszym szczytem \u2013 \u015anie\u017ck\u0105, a tak\u017ce blisko\u015bci\u0105 wspania\u0142ych zabytk\u00f3w.\" \/>\n<meta property=\"og:url\" content=\"https:\/\/hotelgwarna.pl\/de\/skyclub\/\" \/>\n<meta property=\"og:site_name\" content=\"SkyHotelGwarna\" \/>\n<meta property=\"article:modified_time\" content=\"2026-02-25T14:10:21+00:00\" \/>\n<meta property=\"og:image\" content=\"https:\/\/hotelgwarna.pl\/wp-content\/uploads\/2022\/05\/105-Ansicht-Nacht-Sredni.jpg\" \/>\n\t<meta property=\"og:image:width\" content=\"1154\" \/>\n\t<meta property=\"og:image:height\" content=\"768\" \/>\n\t<meta property=\"og:image:type\" content=\"image\/jpeg\" \/>\n<meta name=\"twitter:card\" content=\"summary_large_image\" \/>\n<meta name=\"twitter:label1\" content=\"Gesch\u00e4tzte Lesezeit\" \/>\n\t<meta name=\"twitter:data1\" content=\"1\u00a0Minute\" \/>\n<script type=\"application\/ld+json\" class=\"yoast-schema-graph\">{\"@context\":\"https:\/\/schema.org\",\"@graph\":[{\"@type\":\"WebPage\",\"@id\":\"https:\/\/hotelgwarna.pl\/skyclub\/\",\"url\":\"https:\/\/hotelgwarna.pl\/skyclub\/\",\"name\":\"Sky&amp;Club&amp;Shisha&amp;Pub - SkyHotelGwarna\",\"isPartOf\":{\"@id\":\"https:\/\/hotelgwarna.pl\/#website\"},\"datePublished\":\"2022-05-25T08:52:08+00:00\",\"dateModified\":\"2026-02-25T14:10:21+00:00\",\"description\":\"Hotel Gwarna to elegancki obiekt wypoczynkowy, zlokalizowany w centrum miasta, jedyne 100 krok\u00f3w od katedry! Oferujemy Go\u015bciom komfortowe pokoje wyposa\u017cone w przytulne \u0142azienki. Z okien wielu pomieszcze\u0144 naszego Hotelu roztacza si\u0119 wspania\u0142y widok na dachy legnickich budynk\u00f3w. Go\u015bcie, poszukuj\u0105cy ciszy i spokoju mog\u0105 rozkoszowa\u0107 si\u0119 podziwianiem panoramy niedalekich Karkonoszy z najwy\u017cszym szczytem \u2013 \u015anie\u017ck\u0105, a tak\u017ce blisko\u015bci\u0105 wspania\u0142ych zabytk\u00f3w.\",\"breadcrumb\":{\"@id\":\"https:\/\/hotelgwarna.pl\/skyclub\/#breadcrumb\"},\"inLanguage\":\"de\",\"potentialAction\":[{\"@type\":\"ReadAction\",\"target\":[\"https:\/\/hotelgwarna.pl\/skyclub\/\"]}]},{\"@type\":\"BreadcrumbList\",\"@id\":\"https:\/\/hotelgwarna.pl\/skyclub\/#breadcrumb\",\"itemListElement\":[{\"@type\":\"ListItem\",\"position\":1,\"name\":\"Strona g\u0142\u00f3wna\",\"item\":\"https:\/\/hotelgwarna.pl\/\"},{\"@type\":\"ListItem\",\"position\":2,\"name\":\"Sky&amp;Club&amp;Shisha&amp;Pub\"}]},{\"@type\":\"WebSite\",\"@id\":\"https:\/\/hotelgwarna.pl\/#website\",\"url\":\"https:\/\/hotelgwarna.pl\/\",\"name\":\"SkyHotelGwarna\",\"description\":\"Apartamenty, pokoje w Legnicy\",\"potentialAction\":[{\"@type\":\"SearchAction\",\"target\":{\"@type\":\"EntryPoint\",\"urlTemplate\":\"https:\/\/hotelgwarna.pl\/?s={search_term_string}\"},\"query-input\":{\"@type\":\"PropertyValueSpecification\",\"valueRequired\":true,\"valueName\":\"search_term_string\"}}],\"inLanguage\":\"de\"}]}<\/script>\n<!-- \/ Yoast SEO plugin. -->","yoast_head_json":{"title":"Sky&amp;Club&amp;Shisha&amp;Pub - SkyHotelGwarna","description":"Hotel Gwarna to elegancki obiekt wypoczynkowy, zlokalizowany w centrum miasta, jedyne 100 krok\u00f3w od katedry! Oferujemy Go\u015bciom komfortowe pokoje wyposa\u017cone w przytulne \u0142azienki. Z okien wielu pomieszcze\u0144 naszego Hotelu roztacza si\u0119 wspania\u0142y widok na dachy legnickich budynk\u00f3w. Go\u015bcie, poszukuj\u0105cy ciszy i spokoju mog\u0105 rozkoszowa\u0107 si\u0119 podziwianiem panoramy niedalekich Karkonoszy z najwy\u017cszym szczytem \u2013 \u015anie\u017ck\u0105, a tak\u017ce blisko\u015bci\u0105 wspania\u0142ych zabytk\u00f3w.","robots":{"index":"index","follow":"follow","max-snippet":"max-snippet:-1","max-image-preview":"max-image-preview:large","max-video-preview":"max-video-preview:-1"},"canonical":"https:\/\/hotelgwarna.pl\/de\/skyclub\/","og_locale":"de_DE","og_type":"article","og_title":"Sky&amp;Club&amp;Shisha&amp;Pub - SkyHotelGwarna","og_description":"Hotel Gwarna to elegancki obiekt wypoczynkowy, zlokalizowany w centrum miasta, jedyne 100 krok\u00f3w od katedry! Oferujemy Go\u015bciom komfortowe pokoje wyposa\u017cone w przytulne \u0142azienki. Z okien wielu pomieszcze\u0144 naszego Hotelu roztacza si\u0119 wspania\u0142y widok na dachy legnickich budynk\u00f3w. Go\u015bcie, poszukuj\u0105cy ciszy i spokoju mog\u0105 rozkoszowa\u0107 si\u0119 podziwianiem panoramy niedalekich Karkonoszy z najwy\u017cszym szczytem \u2013 \u015anie\u017ck\u0105, a tak\u017ce blisko\u015bci\u0105 wspania\u0142ych zabytk\u00f3w.","og_url":"https:\/\/hotelgwarna.pl\/de\/skyclub\/","og_site_name":"SkyHotelGwarna","article_modified_time":"2026-02-25T14:10:21+00:00","og_image":[{"width":1154,"height":768,"url":"https:\/\/hotelgwarna.pl\/wp-content\/uploads\/2022\/05\/105-Ansicht-Nacht-Sredni.jpg","type":"image\/jpeg"}],"twitter_card":"summary_large_image","twitter_misc":{"Gesch\u00e4tzte Lesezeit":"1\u00a0Minute"},"schema":{"@context":"https:\/\/schema.org","@graph":[{"@type":"WebPage","@id":"https:\/\/hotelgwarna.pl\/skyclub\/","url":"https:\/\/hotelgwarna.pl\/skyclub\/","name":"Sky&amp;Club&amp;Shisha&amp;Pub - SkyHotelGwarna","isPartOf":{"@id":"https:\/\/hotelgwarna.pl\/#website"},"datePublished":"2022-05-25T08:52:08+00:00","dateModified":"2026-02-25T14:10:21+00:00","description":"Hotel Gwarna to elegancki obiekt wypoczynkowy, zlokalizowany w centrum miasta, jedyne 100 krok\u00f3w od katedry! Oferujemy Go\u015bciom komfortowe pokoje wyposa\u017cone w przytulne \u0142azienki. Z okien wielu pomieszcze\u0144 naszego Hotelu roztacza si\u0119 wspania\u0142y widok na dachy legnickich budynk\u00f3w. Go\u015bcie, poszukuj\u0105cy ciszy i spokoju mog\u0105 rozkoszowa\u0107 si\u0119 podziwianiem panoramy niedalekich Karkonoszy z najwy\u017cszym szczytem \u2013 \u015anie\u017ck\u0105, a tak\u017ce blisko\u015bci\u0105 wspania\u0142ych zabytk\u00f3w.","breadcrumb":{"@id":"https:\/\/hotelgwarna.pl\/skyclub\/#breadcrumb"},"inLanguage":"de","potentialAction":[{"@type":"ReadAction","target":["https:\/\/hotelgwarna.pl\/skyclub\/"]}]},{"@type":"BreadcrumbList","@id":"https:\/\/hotelgwarna.pl\/skyclub\/#breadcrumb","itemListElement":[{"@type":"ListItem","position":1,"name":"Strona g\u0142\u00f3wna","item":"https:\/\/hotelgwarna.pl\/"},{"@type":"ListItem","position":2,"name":"Sky&amp;Club&amp;Shisha&amp;Pub"}]},{"@type":"WebSite","@id":"https:\/\/hotelgwarna.pl\/#website","url":"https:\/\/hotelgwarna.pl\/","name":"SkyHotelGwarna","description":"Apartamenty, pokoje w Legnicy","potentialAction":[{"@type":"SearchAction","target":{"@type":"EntryPoint","urlTemplate":"https:\/\/hotelgwarna.pl\/?s={search_term_string}"},"query-input":{"@type":"PropertyValueSpecification","valueRequired":true,"valueName":"search_term_string"}}],"inLanguage":"de"}]}},"_links":{"self":[{"href":"https:\/\/hotelgwarna.pl\/de\/wp-json\/wp\/v2\/pages\/139","targetHints":{"allow":["GET"]}}],"collection":[{"href":"https:\/\/hotelgwarna.pl\/de\/wp-json\/wp\/v2\/pages"}],"about":[{"href":"https:\/\/hotelgwarna.pl\/de\/wp-json\/wp\/v2\/types\/page"}],"author":[{"embeddable":true,"href":"https:\/\/hotelgwarna.pl\/de\/wp-json\/wp\/v2\/users\/3"}],"replies":[{"embeddable":true,"href":"https:\/\/hotelgwarna.pl\/de\/wp-json\/wp\/v2\/comments?post=139"}],"version-history":[{"count":12,"href":"https:\/\/hotelgwarna.pl\/de\/wp-json\/wp\/v2\/pages\/139\/revisions"}],"predecessor-version":[{"id":923,"href":"https:\/\/hotelgwarna.pl\/de\/wp-json\/wp\/v2\/pages\/139\/revisions\/923"}],"wp:attachment":[{"href":"https:\/\/hotelgwarna.pl\/de\/wp-json\/wp\/v2\/media?parent=139"}],"curies":[{"name":"wp","href":"https:\/\/api.w.org\/{rel}","templated":true}]}}