{"id":137,"date":"2022-05-25T10:51:29","date_gmt":"2022-05-25T08:51:29","guid":{"rendered":"https:\/\/hotelgwarna.pl\/?page_id=137"},"modified":"2026-04-22T14:35:18","modified_gmt":"2026-04-22T12:35:18","slug":"orient-massage","status":"publish","type":"page","link":"https:\/\/hotelgwarna.pl\/de\/orient-massage\/","title":{"rendered":"Orientalische Massage"},"content":{"rendered":"<p><strong>Orient Massage Legnica<\/strong> ist ein einzigartiger Ort, wo komfortable, mit lebenden Pflanzen dekorierte Innenr\u00e4ume einen idealen Raum zum Entspannen schaffen. Massagen und Rituale werden von zertifizierten Therapeuten von der Insel Bali durchgef\u00fchrt, die zu den besten Masseuren der Welt z\u00e4hlen.<\/p>\n\n\n\n<p>Neben einem umfangreichen Massageangebot bieten wir in unserem Salon auch Peelings und Pflegerituale mit Naturkosmetik an. <strong>Orient&#039; Nature\u00ae<\/strong>.<\/p>\n\n\n\n<p>Angebot <strong>Orient Massage Legnica<\/strong> wurde um den Zugang zu einem Schwimmbad und einer Sauna bereichert, was umfassende Entspannung auf h\u00f6chstem Niveau garantiert. Ein weiterer Vorteil ist <strong>Natura Organica\u00ae Kr\u00e4uterpumpenraum<\/strong>, von wo aus sich ein malerischer Blick auf die Stadt und das Riesengebirge bietet.<\/p>\n\n\n\n<p><strong>Dla naszych Go\u015bci hotelowych przygotowali\u015bmy zni\u017ck\u0119 na pierwszy masa\u017c. <\/strong><\/p>\n\n\n\n<p><strong>Odbierz swoj\u0105 zni\u017ck\u0119 w recepcji hotelowej<\/strong> !<\/p>\n\n\n\n<p><\/p>","protected":false},"excerpt":{"rendered":"<p>Orient Massage Legnica ist ein einzigartiger Ort, dessen komfortable, mit lebenden Pflanzen dekorierte Innenr\u00e4ume einen idealen Ort zum Entspannen schaffen. Die Massagen und Rituale werden von zertifizierten Therapeutinnen von Bali durchgef\u00fchrt, die zu den besten Masseurinnen der Welt z\u00e4hlen. Neben einem breiten Massageangebot bieten wir in unserem Salon auch Peelings und Pflegerituale mit nat\u00fcrlicher Orient-Kosmetik an.<\/p>","protected":false},"author":3,"featured_media":0,"parent":0,"menu_order":0,"comment_status":"closed","ping_status":"closed","template":"","meta":{"_acf_changed":false,"footnotes":""},"class_list":["post-137","page","type-page","status-publish","hentry"],"acf":[],"yoast_head":"<!-- This site is optimized with the Yoast SEO plugin v24.7 - https:\/\/yoast.com\/wordpress\/plugins\/seo\/ -->\n<title>Orient Massage - SkyHotelGwarna<\/title>\n<meta name=\"description\" content=\"Hotel Gwarna to elegancki obiekt wypoczynkowy, zlokalizowany w centrum miasta, jedyne 100 krok\u00f3w od katedry! Oferujemy Go\u015bciom komfortowe pokoje wyposa\u017cone w przytulne \u0142azienki. Z okien wielu pomieszcze\u0144 naszego Hotelu roztacza si\u0119 wspania\u0142y widok na dachy legnickich budynk\u00f3w. Go\u015bcie, poszukuj\u0105cy ciszy i spokoju mog\u0105 rozkoszowa\u0107 si\u0119 podziwianiem panoramy niedalekich Karkonoszy z najwy\u017cszym szczytem \u2013 \u015anie\u017ck\u0105, a tak\u017ce blisko\u015bci\u0105 wspania\u0142ych zabytk\u00f3w.\" \/>\n<meta name=\"robots\" content=\"index, follow, max-snippet:-1, max-image-preview:large, max-video-preview:-1\" \/>\n<link rel=\"canonical\" href=\"https:\/\/hotelgwarna.pl\/de\/orient-massage\/\" \/>\n<meta property=\"og:locale\" content=\"de_DE\" \/>\n<meta property=\"og:type\" content=\"article\" \/>\n<meta property=\"og:title\" content=\"Orient Massage - SkyHotelGwarna\" \/>\n<meta property=\"og:description\" content=\"Hotel Gwarna to elegancki obiekt wypoczynkowy, zlokalizowany w centrum miasta, jedyne 100 krok\u00f3w od katedry! Oferujemy Go\u015bciom komfortowe pokoje wyposa\u017cone w przytulne \u0142azienki. Z okien wielu pomieszcze\u0144 naszego Hotelu roztacza si\u0119 wspania\u0142y widok na dachy legnickich budynk\u00f3w. Go\u015bcie, poszukuj\u0105cy ciszy i spokoju mog\u0105 rozkoszowa\u0107 si\u0119 podziwianiem panoramy niedalekich Karkonoszy z najwy\u017cszym szczytem \u2013 \u015anie\u017ck\u0105, a tak\u017ce blisko\u015bci\u0105 wspania\u0142ych zabytk\u00f3w.\" \/>\n<meta property=\"og:url\" content=\"https:\/\/hotelgwarna.pl\/de\/orient-massage\/\" \/>\n<meta property=\"og:site_name\" content=\"SkyHotelGwarna\" \/>\n<meta property=\"article:modified_time\" content=\"2026-04-22T12:35:18+00:00\" \/>\n<meta property=\"og:image\" content=\"https:\/\/hotelgwarna.pl\/wp-content\/uploads\/2022\/05\/105-Ansicht-Nacht-Sredni.jpg\" \/>\n\t<meta property=\"og:image:width\" content=\"1154\" \/>\n\t<meta property=\"og:image:height\" content=\"768\" \/>\n\t<meta property=\"og:image:type\" content=\"image\/jpeg\" \/>\n<meta name=\"twitter:card\" content=\"summary_large_image\" \/>\n<meta name=\"twitter:label1\" content=\"Gesch\u00e4tzte Lesezeit\" \/>\n\t<meta name=\"twitter:data1\" content=\"1\u00a0Minute\" \/>\n<script type=\"application\/ld+json\" class=\"yoast-schema-graph\">{\"@context\":\"https:\/\/schema.org\",\"@graph\":[{\"@type\":\"WebPage\",\"@id\":\"https:\/\/hotelgwarna.pl\/orient-massage\/\",\"url\":\"https:\/\/hotelgwarna.pl\/orient-massage\/\",\"name\":\"Orient Massage - SkyHotelGwarna\",\"isPartOf\":{\"@id\":\"https:\/\/hotelgwarna.pl\/#website\"},\"datePublished\":\"2022-05-25T08:51:29+00:00\",\"dateModified\":\"2026-04-22T12:35:18+00:00\",\"description\":\"Hotel Gwarna to elegancki obiekt wypoczynkowy, zlokalizowany w centrum miasta, jedyne 100 krok\u00f3w od katedry! Oferujemy Go\u015bciom komfortowe pokoje wyposa\u017cone w przytulne \u0142azienki. Z okien wielu pomieszcze\u0144 naszego Hotelu roztacza si\u0119 wspania\u0142y widok na dachy legnickich budynk\u00f3w. Go\u015bcie, poszukuj\u0105cy ciszy i spokoju mog\u0105 rozkoszowa\u0107 si\u0119 podziwianiem panoramy niedalekich Karkonoszy z najwy\u017cszym szczytem \u2013 \u015anie\u017ck\u0105, a tak\u017ce blisko\u015bci\u0105 wspania\u0142ych zabytk\u00f3w.\",\"breadcrumb\":{\"@id\":\"https:\/\/hotelgwarna.pl\/orient-massage\/#breadcrumb\"},\"inLanguage\":\"de\",\"potentialAction\":[{\"@type\":\"ReadAction\",\"target\":[\"https:\/\/hotelgwarna.pl\/orient-massage\/\"]}]},{\"@type\":\"BreadcrumbList\",\"@id\":\"https:\/\/hotelgwarna.pl\/orient-massage\/#breadcrumb\",\"itemListElement\":[{\"@type\":\"ListItem\",\"position\":1,\"name\":\"Strona g\u0142\u00f3wna\",\"item\":\"https:\/\/hotelgwarna.pl\/\"},{\"@type\":\"ListItem\",\"position\":2,\"name\":\"Orient Massage\"}]},{\"@type\":\"WebSite\",\"@id\":\"https:\/\/hotelgwarna.pl\/#website\",\"url\":\"https:\/\/hotelgwarna.pl\/\",\"name\":\"SkyHotelGwarna\",\"description\":\"Apartamenty, pokoje w Legnicy\",\"potentialAction\":[{\"@type\":\"SearchAction\",\"target\":{\"@type\":\"EntryPoint\",\"urlTemplate\":\"https:\/\/hotelgwarna.pl\/?s={search_term_string}\"},\"query-input\":{\"@type\":\"PropertyValueSpecification\",\"valueRequired\":true,\"valueName\":\"search_term_string\"}}],\"inLanguage\":\"de\"}]}<\/script>\n<!-- \/ Yoast SEO plugin. -->","yoast_head_json":{"title":"Orient Massage - SkyHotelGwarna","description":"Hotel Gwarna to elegancki obiekt wypoczynkowy, zlokalizowany w centrum miasta, jedyne 100 krok\u00f3w od katedry! Oferujemy Go\u015bciom komfortowe pokoje wyposa\u017cone w przytulne \u0142azienki. Z okien wielu pomieszcze\u0144 naszego Hotelu roztacza si\u0119 wspania\u0142y widok na dachy legnickich budynk\u00f3w. Go\u015bcie, poszukuj\u0105cy ciszy i spokoju mog\u0105 rozkoszowa\u0107 si\u0119 podziwianiem panoramy niedalekich Karkonoszy z najwy\u017cszym szczytem \u2013 \u015anie\u017ck\u0105, a tak\u017ce blisko\u015bci\u0105 wspania\u0142ych zabytk\u00f3w.","robots":{"index":"index","follow":"follow","max-snippet":"max-snippet:-1","max-image-preview":"max-image-preview:large","max-video-preview":"max-video-preview:-1"},"canonical":"https:\/\/hotelgwarna.pl\/de\/orient-massage\/","og_locale":"de_DE","og_type":"article","og_title":"Orient Massage - SkyHotelGwarna","og_description":"Hotel Gwarna to elegancki obiekt wypoczynkowy, zlokalizowany w centrum miasta, jedyne 100 krok\u00f3w od katedry! Oferujemy Go\u015bciom komfortowe pokoje wyposa\u017cone w przytulne \u0142azienki. Z okien wielu pomieszcze\u0144 naszego Hotelu roztacza si\u0119 wspania\u0142y widok na dachy legnickich budynk\u00f3w. Go\u015bcie, poszukuj\u0105cy ciszy i spokoju mog\u0105 rozkoszowa\u0107 si\u0119 podziwianiem panoramy niedalekich Karkonoszy z najwy\u017cszym szczytem \u2013 \u015anie\u017ck\u0105, a tak\u017ce blisko\u015bci\u0105 wspania\u0142ych zabytk\u00f3w.","og_url":"https:\/\/hotelgwarna.pl\/de\/orient-massage\/","og_site_name":"SkyHotelGwarna","article_modified_time":"2026-04-22T12:35:18+00:00","og_image":[{"width":1154,"height":768,"url":"https:\/\/hotelgwarna.pl\/wp-content\/uploads\/2022\/05\/105-Ansicht-Nacht-Sredni.jpg","type":"image\/jpeg"}],"twitter_card":"summary_large_image","twitter_misc":{"Gesch\u00e4tzte Lesezeit":"1\u00a0Minute"},"schema":{"@context":"https:\/\/schema.org","@graph":[{"@type":"WebPage","@id":"https:\/\/hotelgwarna.pl\/orient-massage\/","url":"https:\/\/hotelgwarna.pl\/orient-massage\/","name":"Orient Massage - SkyHotelGwarna","isPartOf":{"@id":"https:\/\/hotelgwarna.pl\/#website"},"datePublished":"2022-05-25T08:51:29+00:00","dateModified":"2026-04-22T12:35:18+00:00","description":"Hotel Gwarna to elegancki obiekt wypoczynkowy, zlokalizowany w centrum miasta, jedyne 100 krok\u00f3w od katedry! Oferujemy Go\u015bciom komfortowe pokoje wyposa\u017cone w przytulne \u0142azienki. Z okien wielu pomieszcze\u0144 naszego Hotelu roztacza si\u0119 wspania\u0142y widok na dachy legnickich budynk\u00f3w. Go\u015bcie, poszukuj\u0105cy ciszy i spokoju mog\u0105 rozkoszowa\u0107 si\u0119 podziwianiem panoramy niedalekich Karkonoszy z najwy\u017cszym szczytem \u2013 \u015anie\u017ck\u0105, a tak\u017ce blisko\u015bci\u0105 wspania\u0142ych zabytk\u00f3w.","breadcrumb":{"@id":"https:\/\/hotelgwarna.pl\/orient-massage\/#breadcrumb"},"inLanguage":"de","potentialAction":[{"@type":"ReadAction","target":["https:\/\/hotelgwarna.pl\/orient-massage\/"]}]},{"@type":"BreadcrumbList","@id":"https:\/\/hotelgwarna.pl\/orient-massage\/#breadcrumb","itemListElement":[{"@type":"ListItem","position":1,"name":"Strona g\u0142\u00f3wna","item":"https:\/\/hotelgwarna.pl\/"},{"@type":"ListItem","position":2,"name":"Orient Massage"}]},{"@type":"WebSite","@id":"https:\/\/hotelgwarna.pl\/#website","url":"https:\/\/hotelgwarna.pl\/","name":"SkyHotelGwarna","description":"Apartamenty, pokoje w Legnicy","potentialAction":[{"@type":"SearchAction","target":{"@type":"EntryPoint","urlTemplate":"https:\/\/hotelgwarna.pl\/?s={search_term_string}"},"query-input":{"@type":"PropertyValueSpecification","valueRequired":true,"valueName":"search_term_string"}}],"inLanguage":"de"}]}},"_links":{"self":[{"href":"https:\/\/hotelgwarna.pl\/de\/wp-json\/wp\/v2\/pages\/137","targetHints":{"allow":["GET"]}}],"collection":[{"href":"https:\/\/hotelgwarna.pl\/de\/wp-json\/wp\/v2\/pages"}],"about":[{"href":"https:\/\/hotelgwarna.pl\/de\/wp-json\/wp\/v2\/types\/page"}],"author":[{"embeddable":true,"href":"https:\/\/hotelgwarna.pl\/de\/wp-json\/wp\/v2\/users\/3"}],"replies":[{"embeddable":true,"href":"https:\/\/hotelgwarna.pl\/de\/wp-json\/wp\/v2\/comments?post=137"}],"version-history":[{"count":32,"href":"https:\/\/hotelgwarna.pl\/de\/wp-json\/wp\/v2\/pages\/137\/revisions"}],"predecessor-version":[{"id":955,"href":"https:\/\/hotelgwarna.pl\/de\/wp-json\/wp\/v2\/pages\/137\/revisions\/955"}],"wp:attachment":[{"href":"https:\/\/hotelgwarna.pl\/de\/wp-json\/wp\/v2\/media?parent=137"}],"curies":[{"name":"wp","href":"https:\/\/api.w.org\/{rel}","templated":true}]}}