{"id":133,"date":"2022-05-25T10:50:34","date_gmt":"2022-05-25T08:50:34","guid":{"rendered":"https:\/\/hotelgwarna.pl\/?page_id=133"},"modified":"2026-02-20T15:06:13","modified_gmt":"2026-02-20T14:06:13","slug":"imprezy-okolicznosciowe","status":"publish","type":"page","link":"https:\/\/hotelgwarna.pl\/de\/imprezy-okolicznosciowe\/","title":{"rendered":"Hochzeiten und besondere Anl\u00e4sse"},"content":{"rendered":"<p>Das SkyHotelGwarna ist der perfekte Ort, um eine wundersch\u00f6ne Hochzeit zu organisieren!<\/p>\n\n\n\n<p>Die Anlage befindet sich im Stadtzentrum und verf\u00fcgt \u00fcber einen ger\u00e4umigen, \u00fcberwachten Parkplatz. Ein moderner, klimatisierter Bankettsaal. M\u00f6glichkeit, eine Hochzeitszeremonie auf dem Dach des Geb\u00e4udes mit Blick auf das Panorama von Legnica zu organisieren. Talentierte K\u00f6che und erfahrenes Personal k\u00fcmmern sich um jeden erdenklich Aspekt einer Feier.<\/p>\n\n\n\n<p>Alles zusammen ergibt eine wundervolle, unvergessliche Hochzeit<\/p>","protected":false},"excerpt":{"rendered":"<p>SkyHotelGwarna to doskona\u0142e miejsce na organizacj\u0119 pi\u0119knego wesela! Obiekt ulokowany w centrum miasta, z przestronnym, monitorowanym parkingiem. Nowoczesna, klimatyzowana sala bankietowa. Mo\u017cliwo\u015b\u0107 zorganizowania ceremonii za\u015blubin na dachu budynku z widokiem na panoram\u0119 Legnicy. Utalentowani kucharze i do\u015bwiadczona obs\u0142uga, dbaj\u0105cy o ka\u017cdy element uroczysto\u015bci. To wszystko sk\u0142ada si\u0119 na wspania\u0142e, niezapomniane wesele!<\/p>","protected":false},"author":3,"featured_media":0,"parent":0,"menu_order":0,"comment_status":"closed","ping_status":"closed","template":"","meta":{"_acf_changed":false,"footnotes":""},"class_list":["post-133","page","type-page","status-publish","hentry"],"acf":[],"yoast_head":"<!-- This site is optimized with the Yoast SEO plugin v24.7 - https:\/\/yoast.com\/wordpress\/plugins\/seo\/ -->\n<title>Imprezy Okoliczno\u015bciowe - SkyHotelGwarna<\/title>\n<meta name=\"description\" content=\"Hotel Gwarna to elegancki obiekt wypoczynkowy, zlokalizowany w centrum miasta, jedyne 100 krok\u00f3w od katedry! Oferujemy Go\u015bciom komfortowe pokoje wyposa\u017cone w przytulne \u0142azienki. Z okien wielu pomieszcze\u0144 naszego Hotelu roztacza si\u0119 wspania\u0142y widok na dachy legnickich budynk\u00f3w. Go\u015bcie, poszukuj\u0105cy ciszy i spokoju mog\u0105 rozkoszowa\u0107 si\u0119 podziwianiem panoramy niedalekich Karkonoszy z najwy\u017cszym szczytem \u2013 \u015anie\u017ck\u0105, a tak\u017ce blisko\u015bci\u0105 wspania\u0142ych zabytk\u00f3w.\" \/>\n<meta name=\"robots\" content=\"index, follow, max-snippet:-1, max-image-preview:large, max-video-preview:-1\" \/>\n<link rel=\"canonical\" href=\"https:\/\/hotelgwarna.pl\/de\/imprezy-okolicznosciowe\/\" \/>\n<meta property=\"og:locale\" content=\"de_DE\" \/>\n<meta property=\"og:type\" content=\"article\" \/>\n<meta property=\"og:title\" content=\"Imprezy Okoliczno\u015bciowe - SkyHotelGwarna\" \/>\n<meta property=\"og:description\" content=\"Hotel Gwarna to elegancki obiekt wypoczynkowy, zlokalizowany w centrum miasta, jedyne 100 krok\u00f3w od katedry! Oferujemy Go\u015bciom komfortowe pokoje wyposa\u017cone w przytulne \u0142azienki. Z okien wielu pomieszcze\u0144 naszego Hotelu roztacza si\u0119 wspania\u0142y widok na dachy legnickich budynk\u00f3w. Go\u015bcie, poszukuj\u0105cy ciszy i spokoju mog\u0105 rozkoszowa\u0107 si\u0119 podziwianiem panoramy niedalekich Karkonoszy z najwy\u017cszym szczytem \u2013 \u015anie\u017ck\u0105, a tak\u017ce blisko\u015bci\u0105 wspania\u0142ych zabytk\u00f3w.\" \/>\n<meta property=\"og:url\" content=\"https:\/\/hotelgwarna.pl\/de\/imprezy-okolicznosciowe\/\" \/>\n<meta property=\"og:site_name\" content=\"SkyHotelGwarna\" \/>\n<meta property=\"article:modified_time\" content=\"2026-02-20T14:06:13+00:00\" \/>\n<meta property=\"og:image\" content=\"https:\/\/hotelgwarna.pl\/wp-content\/uploads\/2022\/05\/105-Ansicht-Nacht-Sredni.jpg\" \/>\n\t<meta property=\"og:image:width\" content=\"1154\" \/>\n\t<meta property=\"og:image:height\" content=\"768\" \/>\n\t<meta property=\"og:image:type\" content=\"image\/jpeg\" \/>\n<meta name=\"twitter:card\" content=\"summary_large_image\" \/>\n<meta name=\"twitter:label1\" content=\"Gesch\u00e4tzte Lesezeit\" \/>\n\t<meta name=\"twitter:data1\" content=\"1\u00a0Minute\" \/>\n<script type=\"application\/ld+json\" class=\"yoast-schema-graph\">{\"@context\":\"https:\/\/schema.org\",\"@graph\":[{\"@type\":\"WebPage\",\"@id\":\"https:\/\/hotelgwarna.pl\/imprezy-okolicznosciowe\/\",\"url\":\"https:\/\/hotelgwarna.pl\/imprezy-okolicznosciowe\/\",\"name\":\"Imprezy Okoliczno\u015bciowe - SkyHotelGwarna\",\"isPartOf\":{\"@id\":\"https:\/\/hotelgwarna.pl\/#website\"},\"datePublished\":\"2022-05-25T08:50:34+00:00\",\"dateModified\":\"2026-02-20T14:06:13+00:00\",\"description\":\"Hotel Gwarna to elegancki obiekt wypoczynkowy, zlokalizowany w centrum miasta, jedyne 100 krok\u00f3w od katedry! Oferujemy Go\u015bciom komfortowe pokoje wyposa\u017cone w przytulne \u0142azienki. Z okien wielu pomieszcze\u0144 naszego Hotelu roztacza si\u0119 wspania\u0142y widok na dachy legnickich budynk\u00f3w. Go\u015bcie, poszukuj\u0105cy ciszy i spokoju mog\u0105 rozkoszowa\u0107 si\u0119 podziwianiem panoramy niedalekich Karkonoszy z najwy\u017cszym szczytem \u2013 \u015anie\u017ck\u0105, a tak\u017ce blisko\u015bci\u0105 wspania\u0142ych zabytk\u00f3w.\",\"breadcrumb\":{\"@id\":\"https:\/\/hotelgwarna.pl\/imprezy-okolicznosciowe\/#breadcrumb\"},\"inLanguage\":\"de\",\"potentialAction\":[{\"@type\":\"ReadAction\",\"target\":[\"https:\/\/hotelgwarna.pl\/imprezy-okolicznosciowe\/\"]}]},{\"@type\":\"BreadcrumbList\",\"@id\":\"https:\/\/hotelgwarna.pl\/imprezy-okolicznosciowe\/#breadcrumb\",\"itemListElement\":[{\"@type\":\"ListItem\",\"position\":1,\"name\":\"Strona g\u0142\u00f3wna\",\"item\":\"https:\/\/hotelgwarna.pl\/\"},{\"@type\":\"ListItem\",\"position\":2,\"name\":\"Imprezy Okoliczno\u015bciowe\"}]},{\"@type\":\"WebSite\",\"@id\":\"https:\/\/hotelgwarna.pl\/#website\",\"url\":\"https:\/\/hotelgwarna.pl\/\",\"name\":\"SkyHotelGwarna\",\"description\":\"Apartamenty, pokoje w Legnicy\",\"potentialAction\":[{\"@type\":\"SearchAction\",\"target\":{\"@type\":\"EntryPoint\",\"urlTemplate\":\"https:\/\/hotelgwarna.pl\/?s={search_term_string}\"},\"query-input\":{\"@type\":\"PropertyValueSpecification\",\"valueRequired\":true,\"valueName\":\"search_term_string\"}}],\"inLanguage\":\"de\"}]}<\/script>\n<!-- \/ Yoast SEO plugin. -->","yoast_head_json":{"title":"Imprezy Okoliczno\u015bciowe - SkyHotelGwarna","description":"Hotel Gwarna to elegancki obiekt wypoczynkowy, zlokalizowany w centrum miasta, jedyne 100 krok\u00f3w od katedry! Oferujemy Go\u015bciom komfortowe pokoje wyposa\u017cone w przytulne \u0142azienki. Z okien wielu pomieszcze\u0144 naszego Hotelu roztacza si\u0119 wspania\u0142y widok na dachy legnickich budynk\u00f3w. Go\u015bcie, poszukuj\u0105cy ciszy i spokoju mog\u0105 rozkoszowa\u0107 si\u0119 podziwianiem panoramy niedalekich Karkonoszy z najwy\u017cszym szczytem \u2013 \u015anie\u017ck\u0105, a tak\u017ce blisko\u015bci\u0105 wspania\u0142ych zabytk\u00f3w.","robots":{"index":"index","follow":"follow","max-snippet":"max-snippet:-1","max-image-preview":"max-image-preview:large","max-video-preview":"max-video-preview:-1"},"canonical":"https:\/\/hotelgwarna.pl\/de\/imprezy-okolicznosciowe\/","og_locale":"de_DE","og_type":"article","og_title":"Imprezy Okoliczno\u015bciowe - SkyHotelGwarna","og_description":"Hotel Gwarna to elegancki obiekt wypoczynkowy, zlokalizowany w centrum miasta, jedyne 100 krok\u00f3w od katedry! Oferujemy Go\u015bciom komfortowe pokoje wyposa\u017cone w przytulne \u0142azienki. Z okien wielu pomieszcze\u0144 naszego Hotelu roztacza si\u0119 wspania\u0142y widok na dachy legnickich budynk\u00f3w. Go\u015bcie, poszukuj\u0105cy ciszy i spokoju mog\u0105 rozkoszowa\u0107 si\u0119 podziwianiem panoramy niedalekich Karkonoszy z najwy\u017cszym szczytem \u2013 \u015anie\u017ck\u0105, a tak\u017ce blisko\u015bci\u0105 wspania\u0142ych zabytk\u00f3w.","og_url":"https:\/\/hotelgwarna.pl\/de\/imprezy-okolicznosciowe\/","og_site_name":"SkyHotelGwarna","article_modified_time":"2026-02-20T14:06:13+00:00","og_image":[{"width":1154,"height":768,"url":"https:\/\/hotelgwarna.pl\/wp-content\/uploads\/2022\/05\/105-Ansicht-Nacht-Sredni.jpg","type":"image\/jpeg"}],"twitter_card":"summary_large_image","twitter_misc":{"Gesch\u00e4tzte Lesezeit":"1\u00a0Minute"},"schema":{"@context":"https:\/\/schema.org","@graph":[{"@type":"WebPage","@id":"https:\/\/hotelgwarna.pl\/imprezy-okolicznosciowe\/","url":"https:\/\/hotelgwarna.pl\/imprezy-okolicznosciowe\/","name":"Imprezy Okoliczno\u015bciowe - SkyHotelGwarna","isPartOf":{"@id":"https:\/\/hotelgwarna.pl\/#website"},"datePublished":"2022-05-25T08:50:34+00:00","dateModified":"2026-02-20T14:06:13+00:00","description":"Hotel Gwarna to elegancki obiekt wypoczynkowy, zlokalizowany w centrum miasta, jedyne 100 krok\u00f3w od katedry! Oferujemy Go\u015bciom komfortowe pokoje wyposa\u017cone w przytulne \u0142azienki. Z okien wielu pomieszcze\u0144 naszego Hotelu roztacza si\u0119 wspania\u0142y widok na dachy legnickich budynk\u00f3w. Go\u015bcie, poszukuj\u0105cy ciszy i spokoju mog\u0105 rozkoszowa\u0107 si\u0119 podziwianiem panoramy niedalekich Karkonoszy z najwy\u017cszym szczytem \u2013 \u015anie\u017ck\u0105, a tak\u017ce blisko\u015bci\u0105 wspania\u0142ych zabytk\u00f3w.","breadcrumb":{"@id":"https:\/\/hotelgwarna.pl\/imprezy-okolicznosciowe\/#breadcrumb"},"inLanguage":"de","potentialAction":[{"@type":"ReadAction","target":["https:\/\/hotelgwarna.pl\/imprezy-okolicznosciowe\/"]}]},{"@type":"BreadcrumbList","@id":"https:\/\/hotelgwarna.pl\/imprezy-okolicznosciowe\/#breadcrumb","itemListElement":[{"@type":"ListItem","position":1,"name":"Strona g\u0142\u00f3wna","item":"https:\/\/hotelgwarna.pl\/"},{"@type":"ListItem","position":2,"name":"Imprezy Okoliczno\u015bciowe"}]},{"@type":"WebSite","@id":"https:\/\/hotelgwarna.pl\/#website","url":"https:\/\/hotelgwarna.pl\/","name":"SkyHotelGwarna","description":"Apartamenty, pokoje w Legnicy","potentialAction":[{"@type":"SearchAction","target":{"@type":"EntryPoint","urlTemplate":"https:\/\/hotelgwarna.pl\/?s={search_term_string}"},"query-input":{"@type":"PropertyValueSpecification","valueRequired":true,"valueName":"search_term_string"}}],"inLanguage":"de"}]}},"_links":{"self":[{"href":"https:\/\/hotelgwarna.pl\/de\/wp-json\/wp\/v2\/pages\/133","targetHints":{"allow":["GET"]}}],"collection":[{"href":"https:\/\/hotelgwarna.pl\/de\/wp-json\/wp\/v2\/pages"}],"about":[{"href":"https:\/\/hotelgwarna.pl\/de\/wp-json\/wp\/v2\/types\/page"}],"author":[{"embeddable":true,"href":"https:\/\/hotelgwarna.pl\/de\/wp-json\/wp\/v2\/users\/3"}],"replies":[{"embeddable":true,"href":"https:\/\/hotelgwarna.pl\/de\/wp-json\/wp\/v2\/comments?post=133"}],"version-history":[{"count":10,"href":"https:\/\/hotelgwarna.pl\/de\/wp-json\/wp\/v2\/pages\/133\/revisions"}],"predecessor-version":[{"id":917,"href":"https:\/\/hotelgwarna.pl\/de\/wp-json\/wp\/v2\/pages\/133\/revisions\/917"}],"wp:attachment":[{"href":"https:\/\/hotelgwarna.pl\/de\/wp-json\/wp\/v2\/media?parent=133"}],"curies":[{"name":"wp","href":"https:\/\/api.w.org\/{rel}","templated":true}]}}